{"id":181,"date":"2020-08-11T11:19:57","date_gmt":"2020-08-11T11:19:57","guid":{"rendered":"https:\/\/bridge389.qodeinteractive.com\/?page_id=181"},"modified":"2026-01-05T16:32:32","modified_gmt":"2026-01-05T16:32:32","slug":"reservation","status":"publish","type":"page","link":"https:\/\/lemasdemougins.com\/en\/reservation\/","title":{"rendered":"R\u00e9servation"},"content":{"rendered":"<div data-elementor-type=\"wp-page\" data-elementor-id=\"181\" class=\"elementor elementor-181\" data-elementor-post-type=\"page\">\n\t\t\t\t\t\t<section class=\"elementor-section elementor-top-section elementor-element elementor-element-2931ec26 elementor-section-full_width qode_elementor_container_inner elementor-section-height-default elementor-section-height-default parallax_section_no\" data-id=\"2931ec26\" data-element_type=\"section\" data-e-type=\"section\" id=\"tarifs\">\n\t\t\t\t\t\t<div class=\"elementor-container elementor-column-gap-no\">\n\t\t\t\t\t<div class=\"elementor-column elementor-col-50 elementor-top-column elementor-element elementor-element-313f391\" data-id=\"313f391\" data-element_type=\"column\" data-e-type=\"column\">\n\t\t\t<div class=\"elementor-widget-wrap elementor-element-populated\">\n\t\t\t\t\t\t<div class=\"elementor-element elementor-element-85fbf5c elementor-widget elementor-widget-text-editor\" data-id=\"85fbf5c\" data-element_type=\"widget\" data-e-type=\"widget\" data-widget_type=\"text-editor.default\">\n\t\t\t\t<div class=\"elementor-widget-container\">\n\t\t\t\t\t\t\t\t\t<h1 style=\"text-align: center;\">Rates<\/h1>\t\t\t\t\t\t\t\t<\/div>\n\t\t\t\t<\/div>\n\t\t\t\t<div class=\"elementor-element elementor-element-6c64e6ad elementor-widget elementor-widget-image\" data-id=\"6c64e6ad\" data-element_type=\"widget\" data-e-type=\"widget\" data-widget_type=\"image.default\">\n\t\t\t\t<div class=\"elementor-widget-container\">\n\t\t\t\t\t\t\t\t\t\t\t\t\t\t\t<img decoding=\"async\" width=\"70\" height=\"2\" data-src=\"https:\/\/lemasdemougins.com\/wp-content\/uploads\/2020\/08\/border.png\" class=\"attachment-full size-full wp-image-19 lazyload\" alt=\"m\" src=\"data:image\/svg+xml;base64,PHN2ZyB3aWR0aD0iMSIgaGVpZ2h0PSIxIiB4bWxucz0iaHR0cDovL3d3dy53My5vcmcvMjAwMC9zdmciPjwvc3ZnPg==\" style=\"--smush-placeholder-width: 70px; --smush-placeholder-aspect-ratio: 70\/2;\" \/>\t\t\t\t\t\t\t\t\t\t\t\t\t\t\t<\/div>\n\t\t\t\t<\/div>\n\t\t\t\t<div class=\"elementor-element elementor-element-5ea255e1 elementor-widget elementor-widget-text-editor\" data-id=\"5ea255e1\" data-element_type=\"widget\" data-e-type=\"widget\" data-widget_type=\"text-editor.default\">\n\t\t\t\t<div class=\"elementor-widget-container\">\n\t\t\t\t\t\t\t\t\t<p style=\"text-align: center;\">Room rates include breakfasts, city tax, private parking, Wi-Fi.<\/p>\t\t\t\t\t\t\t\t<\/div>\n\t\t\t\t<\/div>\n\t\t\t\t<div class=\"elementor-element elementor-element-33d209a elementor-widget elementor-widget-bridge_advanced_pricing_table\" data-id=\"33d209a\" data-element_type=\"widget\" data-e-type=\"widget\" data-widget_type=\"bridge_advanced_pricing_table.default\">\n\t\t\t\t<div class=\"elementor-widget-container\">\n\t\t\t\t\t<div class=\"qode-advanced-pricing-table\">\n\t<div class=\"qode-apt-header qode-apt-row\">\n\t\t<div class=\"qode-apt-title-holder\">\n\t\t\t<p class=\"qode-apt-title\">\n\t\t\t\tHigh season\t\t\t<\/p>\n\t\t<\/div>\n\t\t<div class=\"qode-apt-column-title-holder\">\n\t\t\t<p class=\"qode-apt-title\">\n\t\t\t\tMay 1 to Sept 30.\t\t\t<\/p>\n\t\t<\/div>\n\t<\/div>\n\t\t\t<div class=\"qode-apt-items qode-apt-row\">\n\t\t\t<div class=\"qode-apt-item-title\">\n\t\t\t\tDouble room (1 or 2pers.)\t\t\t<\/div>\n\t\t\t<div class=\"qode-apt-item-price\">\n\t\t\t\t200\u20ac\/nuit\t\t\t<\/div>\n\t\t<\/div>\n\t\t\t<div class=\"qode-apt-items qode-apt-row\">\n\t\t\t<div class=\"qode-apt-item-title\">\n\t\t\t\tThe suite (from 1 to 4 pers.)\t\t\t\t<\/div>\n\t\t\t<div class=\"qode-apt-item-price\">\n\t\t\t\t320\u20ac\/nuit\t\t\t<\/div>\n\t\t<\/div>\n\t\t\t<\/div>\t\t\t\t<\/div>\n\t\t\t\t<\/div>\n\t\t\t\t<div class=\"elementor-element elementor-element-100b200 elementor-widget elementor-widget-bridge_advanced_pricing_table\" data-id=\"100b200\" data-element_type=\"widget\" data-e-type=\"widget\" data-widget_type=\"bridge_advanced_pricing_table.default\">\n\t\t\t\t<div class=\"elementor-widget-container\">\n\t\t\t\t\t<div class=\"qode-advanced-pricing-table\">\n\t<div class=\"qode-apt-header qode-apt-row\">\n\t\t<div class=\"qode-apt-title-holder\">\n\t\t\t<p class=\"qode-apt-title\">\n\t\t\t\tLow season\t\t\t<\/p>\n\t\t<\/div>\n\t\t<div class=\"qode-apt-column-title-holder\">\n\t\t\t<p class=\"qode-apt-title\">\n\t\t\t\tFrom 1st oct. to 30th april\t\t\t\t<\/p>\n\t\t<\/div>\n\t<\/div>\n\t\t\t<div class=\"qode-apt-items qode-apt-row\">\n\t\t\t<div class=\"qode-apt-item-title\">\n\t\t\t\tDouble room (1 or 2pers.)\t\t\t<\/div>\n\t\t\t<div class=\"qode-apt-item-price\">\n\t\t\t\t180\u20ac\/nuit\t\t\t\t<\/div>\n\t\t<\/div>\n\t\t\t<div class=\"qode-apt-items qode-apt-row\">\n\t\t\t<div class=\"qode-apt-item-title\">\n\t\t\t\tThe suite (from 1 to 4 pers.)\t\t\t\t<\/div>\n\t\t\t<div class=\"qode-apt-item-price\">\n\t\t\t\t250\u20ac\/nuit\t\t\t\t<\/div>\n\t\t<\/div>\n\t\t\t\t\t\t<div class=\"qode-apt-footer qode-apt-row\">\n\t\t\t\t<div class=\"qode-apt-column-footer-image\">\n\t\t\t\t\t<img decoding=\"async\" src=\"\" alt=\"\" \/>\n\t\t\t\t<\/div>\n\t\t\t\t\t\t\t\t\t<div class=\"qode-apt-column-footer-text\">\n\t\t\t\t\t\t<span class=\"qode-apt-footer-text\">\n\t\t\t\t\t\t\tUnheated pool in low season\t\t\t\t\t\t<\/span>\n\t\t\t\t\t<\/div>\n\t\t\t\t\t\t\t<\/div>\n\t\t<\/div>\t\t\t\t<\/div>\n\t\t\t\t<\/div>\n\t\t\t\t<div class=\"elementor-element elementor-element-6f37f08 elementor-widget elementor-widget-bridge_message\" data-id=\"6f37f08\" data-element_type=\"widget\" data-e-type=\"widget\" data-widget_type=\"bridge_message.default\">\n\t\t\t\t<div class=\"elementor-widget-container\">\n\t\t\t\t\t<div class='q_message  with_icon' style=''><div class='q_message_inner'><div class=\"q_message_icon_holder\"><div class=\"q_message_icon\"><div class=\"q_message_icon_inner\"><i class=\"qode_icon_font_awesome fa fa-moon-o fa-lg\" style=\"\" ><\/i><\/div><\/div><\/div><a href='#' class='close' aria-label='Close message'><i class='fa fa-times' style=''><\/i><\/a><div class='message_text_holder'><div class='message_text'><div class='message_text_inner'><p style=\"color:white;\"><strong>Nombre minimum de nuit\u00e9es<\/strong>\n<br\/>\n1er mai au 30 juin + sept : 2 nuits minimum<br\/>\n1er juillet au 31 ao\u00fbt : 3 nuits minimum<\/p><\/div><\/div><\/div><\/div><\/div>\t\t\t\t<\/div>\n\t\t\t\t<\/div>\n\t\t\t\t<div class=\"elementor-element elementor-element-13262a3 elementor-widget elementor-widget-text-editor\" data-id=\"13262a3\" data-element_type=\"widget\" data-e-type=\"widget\" data-widget_type=\"text-editor.default\">\n\t\t\t\t<div class=\"elementor-widget-container\">\n\t\t\t\t\t\t\t\t\t<p>Included in the price of the room : tourist tax, private parking, breakfasts (brunch) served at will by the pool etc\u2026<\/p><p>Breakfast is served between 8:30 and 10:30.<\/p><p>On request, we offer you plates of cold cuts, cheese or a mix of both<\/p><p>Only in the evening ( Reservation 24 hours in advance ).<\/p><p>De juin \u00e0 septembre<\/p><p>Arrivals between 5 p.m. and 8 p.m.<\/p><p>Departures before 11 a.m.<\/p>\t\t\t\t\t\t\t\t<\/div>\n\t\t\t\t<\/div>\n\t\t\t\t<div class=\"elementor-element elementor-element-6efc074 elementor-widget elementor-widget-bridge_info_card_with_icon\" data-id=\"6efc074\" data-element_type=\"widget\" data-e-type=\"widget\" data-widget_type=\"bridge_info_card_with_icon.default\">\n\t\t\t\t<div class=\"elementor-widget-container\">\n\t\t\t\t\t<div class=\"qode-info-card-with-icon\">\n    <div class=\"qode-icwi-image-icon-holder qode-start-icon-hover\">\n\t\t\t\t\t\t<div class=\"qode-icwi-icon-holder\">\n\t\t\t<span class=\"qode-icon-holder qode-icon-circle\"  style=\"font-size:15px\" >\n\t\t\t\t<i class=\"qode_icon_font_awesome fa fa-info qode-icon-element\" style=\"\" ><\/i>\t\t\t<\/span>\n\t\t<\/div>\n\t\t\t<\/div>\n\t<div class=\"qode-icwi-text-holder\">\n\t\t\t\t\t<h3 class=\"qode-icwi-title\">\n\t\t\t\t\u00c0 noter\t\t\t<\/h3>\n\t\t\t\t\t\t\t<p class=\"qode-icwi-text\">\n\t\t\t\tLes animaux ne sont pas acc\u00e9pt\u00e9s au Mas de Mougins. Merci pour votre compr\u00e9hension.\t\t\t<\/p>\n\t\t\t<\/div>\n<\/div>\t\t\t\t<\/div>\n\t\t\t\t<\/div>\n\t\t\t\t<div class=\"elementor-element elementor-element-5312451 elementor-align-center elementor-widget elementor-widget-button\" data-id=\"5312451\" data-element_type=\"widget\" data-e-type=\"widget\" data-widget_type=\"button.default\">\n\t\t\t\t<div class=\"elementor-widget-container\">\n\t\t\t\t\t\t\t\t\t<div class=\"elementor-button-wrapper\">\n\t\t\t\t\t<a class=\"elementor-button elementor-button-link elementor-size-sm\" href=\"https:\/\/lemasdemougins.com\/en\/cgv\/\">\n\t\t\t\t\t\t<span class=\"elementor-button-content-wrapper\">\n\t\t\t\t\t\t\t\t\t<span class=\"elementor-button-text\">See general conditions<\/span>\n\t\t\t\t\t<\/span>\n\t\t\t\t\t<\/a>\n\t\t\t\t<\/div>\n\t\t\t\t\t\t\t\t<\/div>\n\t\t\t\t<\/div>\n\t\t\t\t\t<\/div>\n\t\t<\/div>\n\t\t\t\t<div class=\"elementor-column elementor-col-50 elementor-top-column elementor-element elementor-element-312641a\" data-id=\"312641a\" data-element_type=\"column\" data-e-type=\"column\">\n\t\t\t<div class=\"elementor-widget-wrap elementor-element-populated\">\n\t\t\t\t\t\t<div class=\"elementor-element elementor-element-457ba9b elementor-widget elementor-widget-text-editor\" data-id=\"457ba9b\" data-element_type=\"widget\" data-e-type=\"widget\" data-widget_type=\"text-editor.default\">\n\t\t\t\t<div class=\"elementor-widget-container\">\n\t\t\t\t\t\t\t\t\t<h1 style=\"text-align: center;\">R\u00e9servation<\/h1>\t\t\t\t\t\t\t\t<\/div>\n\t\t\t\t<\/div>\n\t\t\t\t<div class=\"elementor-element elementor-element-68e1943 elementor-widget elementor-widget-image\" data-id=\"68e1943\" data-element_type=\"widget\" data-e-type=\"widget\" data-widget_type=\"image.default\">\n\t\t\t\t<div class=\"elementor-widget-container\">\n\t\t\t\t\t\t\t\t\t\t\t\t\t\t\t<img decoding=\"async\" width=\"70\" height=\"2\" data-src=\"https:\/\/lemasdemougins.com\/wp-content\/uploads\/2020\/08\/border.png\" class=\"attachment-full size-full wp-image-19 lazyload\" alt=\"m\" src=\"data:image\/svg+xml;base64,PHN2ZyB3aWR0aD0iMSIgaGVpZ2h0PSIxIiB4bWxucz0iaHR0cDovL3d3dy53My5vcmcvMjAwMC9zdmciPjwvc3ZnPg==\" style=\"--smush-placeholder-width: 70px; --smush-placeholder-aspect-ratio: 70\/2;\" \/>\t\t\t\t\t\t\t\t\t\t\t\t\t\t\t<\/div>\n\t\t\t\t<\/div>\n\t\t\t\t<div class=\"elementor-element elementor-element-d6dd1bf elementor-widget elementor-widget-text-editor\" data-id=\"d6dd1bf\" data-element_type=\"widget\" data-e-type=\"widget\" data-widget_type=\"text-editor.default\">\n\t\t\t\t<div class=\"elementor-widget-container\">\n\t\t\t\t\t\t\t\t\t<p style=\"text-align: center;\">We invite you to contact us for any reservation request or information.<\/p>\n<p style=\"text-align: center;\">For the ( MIPIM events, Film Festival, Gastronomy Festival, etc ... ) thank you for consulting us.&nbsp;<\/p>\n<p style=\"text-align: center;\">\n<\/p><p style=\"text-align: center;\">If you want to make a reservation or have more information, please contact us directly with this form or send us an email to jeanphilippe ( AT ) lemasdemougins.com<\/p>\n<p style=\"text-align: center;\"><i><b>Pensez \u00e0 v\u00e9rifier vos courriers ind\u00e9sirables et \u00e0 nous ajouter en email de confiance.<\/b><\/i><\/p>\t\t\t\t\t\t\t\t<\/div>\n\t\t\t\t<\/div>\n\t\t\t\t<div class=\"elementor-element elementor-element-bca1433 elementor-widget elementor-widget-shortcode\" data-id=\"bca1433\" data-element_type=\"widget\" data-e-type=\"widget\" data-widget_type=\"shortcode.default\">\n\t\t\t\t<div class=\"elementor-widget-container\">\n\t\t\t\t\t\t\t<div class=\"elementor-shortcode\"><div class=\"forminator-ui forminator-custom-form forminator-custom-form-413 forminator-design--flat  forminator_ajax\" data-forminator-render=\"0\" data-form=\"forminator-module-413\" data-uid=\"69e37bb2eb5b6\"><br\/><\/div><form\r\n\t\t\t\tid=\"forminator-module-413\"\r\n\t\t\t\tclass=\"forminator-ui forminator-custom-form forminator-custom-form-413 forminator-design--flat  forminator_ajax\"\r\n\t\t\t\tmethod=\"post\"\r\n\t\t\t\tdata-forminator-render=\"0\"\r\n\t\t\t\tdata-form-id=\"413\"\r\n\t\t\t\t data-color-option=\"default\" data-design=\"flat\" data-grid=\"open\" style=\"display: none;\"\r\n\t\t\t\tdata-uid=\"69e37bb2eb5b6\" action=\"\"\r\n\t\t\t><div role=\"alert\" aria-live=\"polite\" class=\"forminator-response-message forminator-error\" aria-hidden=\"true\"><\/div><div class=\"forminator-row\"><div id=\"name-1\" class=\"forminator-field-name forminator-col forminator-col-12\"><div class=\"forminator-row forminator-no-margin\" data-multiple=\"true\"><div class=\"forminator-col forminator-col-md-6\"><div class=\"forminator-field\"><label for=\"forminator-field-first-name-1_69e37bb2eb5b6\" id=\"forminator-field-first-name-1_69e37bb2eb5b6-label\" class=\"forminator-label\">First name <span class=\"forminator-required\">*<\/span><\/label><input type=\"text\" name=\"name-1-first-name\" placeholder=\"Par exemple\u00a0: Jean\" id=\"forminator-field-first-name-1_69e37bb2eb5b6\" class=\"forminator-input\" aria-required=\"true\" data-multi=\"1\" autocomplete=\"given-name\" value=\"\" \/><\/div><\/div><div class=\"forminator-col forminator-col-md-6\"><div class=\"forminator-field\"><label for=\"forminator-field-last-name-1_69e37bb2eb5b6\" id=\"forminator-field-last-name-1_69e37bb2eb5b6-label\" class=\"forminator-label\">Last name <span class=\"forminator-required\">*<\/span><\/label><input type=\"text\" name=\"name-1-last-name\" placeholder=\"Par exemple\u00a0: Durand\" id=\"forminator-field-last-name-1_69e37bb2eb5b6\" class=\"forminator-input\" aria-required=\"true\" data-multi=\"1\" autocomplete=\"family-name\" value=\"\" \/><\/div><\/div><\/div><\/div><\/div><div class=\"forminator-row\"><div id=\"email-1\" class=\"forminator-field-email forminator-col forminator-col-12\"><div class=\"forminator-field\"><label for=\"forminator-field-email-1_69e37bb2eb5b6\" id=\"forminator-field-email-1_69e37bb2eb5b6-label\" class=\"forminator-label\">Adresse de messagerie <span class=\"forminator-required\">*<\/span><\/label><input type=\"email\" name=\"email-1\" value=\"\" placeholder=\"Mail adress\" id=\"forminator-field-email-1_69e37bb2eb5b6\" class=\"forminator-input forminator-email--field\" data-required=\"true\" aria-required=\"true\" autocomplete=\"email\" \/><\/div><\/div><\/div><div class=\"forminator-row\"><div id=\"phone-1\" class=\"forminator-field-phone forminator-col forminator-col-12\"><div class=\"forminator-field\"><label for=\"forminator-field-phone-1_69e37bb2eb5b6\" id=\"forminator-field-phone-1_69e37bb2eb5b6-label\" class=\"forminator-label\">Phone number<\/label><input type=\"text\" name=\"phone-1\" value=\"\" placeholder=\"Par exemple\u00a0: +1 02 03 04 05\" id=\"forminator-field-phone-1_69e37bb2eb5b6\" class=\"forminator-input forminator-field--phone\" data-required=\"\" aria-required=\"false\" autocomplete=\"off\" \/><\/div><\/div><\/div><div class=\"forminator-row\"><div id=\"textarea-1\" class=\"forminator-field-textarea forminator-col forminator-col-12\"><div class=\"forminator-field\"><label for=\"forminator-field-textarea-1_69e37bb2eb5b6\" id=\"forminator-field-textarea-1_69e37bb2eb5b6-label\" class=\"forminator-label\">Comment, request, question<\/label><textarea name=\"textarea-1\" placeholder=\"Enter your message...\" id=\"forminator-field-textarea-1_69e37bb2eb5b6\" class=\"forminator-textarea\" rows=\"6\" style=\"min-height:140px;\" maxlength=\"180\" ><\/textarea><span id=\"forminator-field-textarea-1_69e37bb2eb5b6-description\" class=\"forminator-description\"><span data-limit=\"180\" data-type=\"characters\" data-editor=\"\">0 \/ 180<\/span><\/span><\/div><\/div><\/div><div class=\"forminator-row\"><div id=\"number-1\" class=\"forminator-field-number forminator-col forminator-col-6\"><div class=\"forminator-field\"><label for=\"forminator-field-number-1_69e37bb2eb5b6\" id=\"forminator-field-number-1_69e37bb2eb5b6-label\" class=\"forminator-label\">Number of adults<\/label><input name=\"number-1\" value=\"\" placeholder=\"Par exemple\u00a0: 10\" id=\"forminator-field-number-1_69e37bb2eb5b6\" class=\"forminator-input forminator-number--field\" inputmode=\"decimal\" data-required=\"\" data-decimals=\"0\" aria-required=\"false\" data-inputmask=\"&#039;groupSeparator&#039;: &#039;&#039;, &#039;radixPoint&#039;: &#039;&#039;, &#039;digits&#039;: &#039;0&#039;\" data-hidden-behavior=\"zero\" type=\"number\" step=\"any\" min=\"1\" max=\"20\" \/><\/div><\/div><div id=\"number-2\" class=\"forminator-field-number forminator-col forminator-col-6\"><div class=\"forminator-field\"><label for=\"forminator-field-number-2_69e37bb2eb5b6\" id=\"forminator-field-number-2_69e37bb2eb5b6-label\" class=\"forminator-label\">Number of children<\/label><input name=\"number-2\" value=\"\" placeholder=\"Par exemple\u00a0: 10\" id=\"forminator-field-number-2_69e37bb2eb5b6\" class=\"forminator-input forminator-number--field\" inputmode=\"decimal\" data-required=\"\" data-decimals=\"0\" aria-required=\"false\" data-inputmask=\"&#039;groupSeparator&#039;: &#039;&#039;, &#039;radixPoint&#039;: &#039;&#039;, &#039;digits&#039;: &#039;0&#039;\" data-hidden-behavior=\"zero\" type=\"number\" step=\"any\" min=\"0\" max=\"10\" \/><\/div><\/div><\/div><div class=\"forminator-row\"><div id=\"text-1\" class=\"forminator-field-text forminator-col forminator-col-12\"><div class=\"forminator-field\"><label for=\"forminator-field-text-1_69e37bb2eb5b6\" id=\"forminator-field-text-1_69e37bb2eb5b6-label\" class=\"forminator-label\">\u00c2ge des enfants<\/label><input type=\"text\" name=\"text-1\" value=\"\" placeholder=\"\" id=\"forminator-field-text-1_69e37bb2eb5b6\" class=\"forminator-input forminator-name--field\" data-required=\"\" \/><\/div><\/div><\/div><div class=\"forminator-row\"><div id=\"date-1\" class=\"forminator-field-date forminator-col forminator-col-6\"><div class=\"forminator-field\"><label for=\"forminator-field-date-1-picker_69e37bb2eb5b6\" id=\"forminator-field-date-1-picker_69e37bb2eb5b6-label\" class=\"forminator-label\">Arrival date<\/label><div class=\"forminator-input-with-icon\"><span class=\"forminator-icon-calendar\" aria-hidden=\"true\"><\/span><input autocomplete=\"off\" type=\"text\" size=\"1\" name=\"date-1\" value=\"\" placeholder=\"Choose a date\" id=\"forminator-field-date-1-picker_69e37bb2eb5b6\" class=\"forminator-input forminator-datepicker\" data-required=\"\" data-format=\"dd\/mm\/yy\" data-restrict-type=\"\" data-restrict=\"\" data-start-year=\"1926\" data-end-year=\"2126\" data-past-dates=\"enable\" data-start-of-week=\"1\" data-start-date=\"\" data-end-date=\"\" data-start-field=\"\" data-end-field=\"\" data-start-offset=\"\" data-end-offset=\"\" data-disable-date=\"\" data-disable-range=\"\" \/><\/div><\/div><\/div><div id=\"date-2\" class=\"forminator-field-date forminator-col forminator-col-6\"><div class=\"forminator-field\"><label for=\"forminator-field-date-2-picker_69e37bb2eb5b6\" id=\"forminator-field-date-2-picker_69e37bb2eb5b6-label\" class=\"forminator-label\">Departure date<\/label><div class=\"forminator-input-with-icon\"><span class=\"forminator-icon-calendar\" aria-hidden=\"true\"><\/span><input autocomplete=\"off\" type=\"text\" size=\"1\" name=\"date-2\" value=\"\" placeholder=\"Choose a date\" id=\"forminator-field-date-2-picker_69e37bb2eb5b6\" class=\"forminator-input forminator-datepicker\" data-required=\"\" data-format=\"dd\/mm\/yy\" data-restrict-type=\"\" data-restrict=\"\" data-start-year=\"1926\" data-end-year=\"2126\" data-past-dates=\"enable\" data-start-of-week=\"1\" data-start-date=\"\" data-end-date=\"\" data-start-field=\"\" data-end-field=\"\" data-start-offset=\"\" data-end-offset=\"\" data-disable-date=\"\" data-disable-range=\"\" \/><\/div><\/div><\/div><\/div><div class=\"forminator-row\"><div id=\"select-1\" class=\"forminator-field-select forminator-col forminator-col-12\"><div class=\"forminator-field\"><label for=\"forminator-form-413__field--select-1_69e37bb2eb5b6\" id=\"forminator-form-413__field--select-1_69e37bb2eb5b6-label\" class=\"forminator-label\">Selective list<\/label><select  id=\"forminator-form-413__field--select-1_69e37bb2eb5b6\" class=\"forminator-select--field forminator-select2 forminator-select2-multiple\" data-required=\"\" name=\"select-1\" data-default-value=\"\" data-hidden-behavior=\"zero\" data-placeholder=\"Comment nous ave-vous connu ?\" data-search=\"false\" data-search-placeholder=\"Comment nous ave-vous connu ?\" data-checkbox=\"false\" data-allow-clear=\"false\" aria-labelledby=\"forminator-form-413__field--select-1_69e37bb2eb5b6-label\"><option value=\"\"  >How did you know us ?<\/option><option value=\"one\"  data-calculation=\"0\">Press \/ Magazine<\/option><option value=\"two\"  data-calculation=\"0\">Ear mouth<\/option><option value=\"Facebook---Instagram\"  data-calculation=\"0\">Facebook \/ Instagram<\/option><option value=\"C\u00f4te-Azur-autrement\"  data-calculation=\"0\">C\u00f4te Azur autrement<\/option><option value=\"Moteur-de-recherche\"  data-calculation=\"0\">Moteur de recherche<\/option><option value=\"Courrier-ou-email\"  data-calculation=\"0\">Courrier ou email<\/option><\/select><\/div><\/div><\/div><div class=\"forminator-row\"><div id=\"radio-1\" class=\"forminator-field-radio forminator-col forminator-col-12\"><div role=\"radiogroup\" class=\"forminator-field\" aria-labelledby=\"forminator-radiogroup-radio-1-69e37bb2eb5b6-label\"><span id=\"forminator-radiogroup-radio-1-69e37bb2eb5b6-label\" class=\"forminator-label\">Would you like us to forward your request to our small group of friendly guest rooms, all with pretty luxury houses, if we do not have availability ?<\/span><label id=\"forminator-field-radio-1-label-1\" for=\"forminator-field-radio-1-1-69e37bb2eb5b6\" class=\"forminator-radio\" title=\"Yes\"><input type=\"radio\" name=\"radio-1\" value=\"one\" id=\"forminator-field-radio-1-1-69e37bb2eb5b6\" aria-labelledby=\"forminator-field-radio-1-label-1\" data-calculation=\"0\"   data-hidden-behavior=\"zero\"\/><span class=\"forminator-radio-bullet\" aria-hidden=\"true\"><\/span><span class=\"forminator-radio-label\">Yes<\/span><\/label><label id=\"forminator-field-radio-1-label-2\" for=\"forminator-field-radio-1-2-69e37bb2eb5b6\" class=\"forminator-radio\" title=\"No\"><input type=\"radio\" name=\"radio-1\" value=\"two\" id=\"forminator-field-radio-1-2-69e37bb2eb5b6\" aria-labelledby=\"forminator-field-radio-1-label-2\" data-calculation=\"0\"   data-hidden-behavior=\"zero\"\/><span class=\"forminator-radio-bullet\" aria-hidden=\"true\"><\/span><span class=\"forminator-radio-label\">No<\/span><\/label><\/div><\/div><\/div><div class=\"forminator-row\"><div id=\"consent-1\" class=\"forminator-field-consent forminator-col forminator-col-12\"><div class=\"forminator-field\"><div class=\"forminator-checkbox__wrapper\"><label id=\"forminator-field-consent-1_69e37bb2eb5b6__label\" class=\"forminator-checkbox forminator-consent\"><input type=\"checkbox\" name=\"consent-1\" id=\"forminator-field-consent-1_69e37bb2eb5b6\" value=\"checked\" aria-labelledby=\"forminator-field-consent-1_69e37bb2eb5b6-label\" aria-describedby=\"forminator-field-consent-1_69e37bb2eb5b6__description\" data-required=\"true\" aria-required=\"true\" \/><span class=\"forminator-checkbox-box\" aria-hidden=\"true\"><\/span><\/label><div id=\"forminator-field-consent-1_69e37bb2eb5b6__description\" class=\"forminator-checkbox__label forminator-consent__label\"><div>I accept the GDPR privacy terms.<\/div><\/div><\/div><\/div><\/div><\/div><input type=\"hidden\" name=\"referer_url\" value=\"\" \/><div class=\"forminator-row forminator-row-last\"><div class=\"forminator-col\"><div class=\"forminator-field\"><button class=\"forminator-button forminator-button-submit\">Send<\/button><\/div><\/div><\/div><input type=\"hidden\" id=\"forminator_nonce\" name=\"forminator_nonce\" value=\"2b7d908739\" \/><input type=\"hidden\" name=\"_wp_http_referer\" value=\"\/en\/wp-json\/wp\/v2\/pages\/181\" \/><input type=\"hidden\" name=\"form_id\" value=\"413\"><input type=\"hidden\" name=\"page_id\" value=\"181\"><input type=\"hidden\" name=\"form_type\" value=\"default\"><input type=\"hidden\" name=\"current_url\" value=\"https:\/\/lemasdemougins.com\/en\/reservation\/\"><input type=\"hidden\" name=\"render_id\" value=\"0\"><input type=\"hidden\" name=\"action\" value=\"forminator_submit_form_custom-forms\"><label for=\"input_13\" class=\"forminator-hidden\" aria-hidden=\"true\">Please do not fill in this field. <input id=\"input_13\" type=\"text\" name=\"input_13\" value=\"\" autocomplete=\"off\"><\/label><input type=\"hidden\" name=\"trp-form-language\" value=\"en\"\/><\/form><\/div>\n\t\t\t\t\t\t<\/div>\n\t\t\t\t<\/div>\n\t\t\t\t\t<\/div>\n\t\t<\/div>\n\t\t\t\t\t<\/div>\n\t\t<\/section>\n\t\t\t\t<\/div>","protected":false},"excerpt":{"rendered":"<p>Tarifs Les tarifs des chambres incluent les petits d\u00e9jeuners, la taxe de s\u00e9jour, parking priv\u00e9, Wi-Fi. Haute saison Du 1er mai au 30 sept. Chambre double (1 ou 2pers.) 200\u20ac\/nuit La suite (de 1 \u00e0 4 pers.) 320\u20ac\/nuit Basse saison Du 1er oct. au 30&#8230;<\/p>","protected":false},"author":1,"featured_media":0,"parent":0,"menu_order":0,"comment_status":"closed","ping_status":"closed","template":"full_width.php","meta":{"footnotes":""},"class_list":["post-181","page","type-page","status-publish","hentry"],"_links":{"self":[{"href":"https:\/\/lemasdemougins.com\/en\/wp-json\/wp\/v2\/pages\/181","targetHints":{"allow":["GET"]}}],"collection":[{"href":"https:\/\/lemasdemougins.com\/en\/wp-json\/wp\/v2\/pages"}],"about":[{"href":"https:\/\/lemasdemougins.com\/en\/wp-json\/wp\/v2\/types\/page"}],"author":[{"embeddable":true,"href":"https:\/\/lemasdemougins.com\/en\/wp-json\/wp\/v2\/users\/1"}],"replies":[{"embeddable":true,"href":"https:\/\/lemasdemougins.com\/en\/wp-json\/wp\/v2\/comments?post=181"}],"version-history":[{"count":0,"href":"https:\/\/lemasdemougins.com\/en\/wp-json\/wp\/v2\/pages\/181\/revisions"}],"wp:attachment":[{"href":"https:\/\/lemasdemougins.com\/en\/wp-json\/wp\/v2\/media?parent=181"}],"curies":[{"name":"wp","href":"https:\/\/api.w.org\/{rel}","templated":true}]}}