{"id":361,"date":"2023-11-29T14:13:01","date_gmt":"2023-11-29T14:13:01","guid":{"rendered":"https:\/\/lemasdemougins.com\/?page_id=361"},"modified":"2024-01-26T12:22:56","modified_gmt":"2024-01-26T12:22:56","slug":"liens","status":"publish","type":"page","link":"https:\/\/lemasdemougins.com\/en\/liens\/","title":{"rendered":"Partenaires"},"content":{"rendered":"<div data-elementor-type=\"wp-page\" data-elementor-id=\"361\" class=\"elementor elementor-361\" data-elementor-post-type=\"page\">\n\t\t\t\t\t\t<section class=\"elementor-section elementor-top-section elementor-element elementor-element-7d33f364 elementor-section-full_width qode_elementor_container_inner elementor-section-height-default elementor-section-height-default parallax_section_no\" data-id=\"7d33f364\" data-element_type=\"section\" data-e-type=\"section\">\n\t\t\t\t\t\t<div class=\"elementor-container elementor-column-gap-no\">\n\t\t\t\t\t<div class=\"elementor-column elementor-col-100 elementor-top-column elementor-element elementor-element-6d7dd080\" data-id=\"6d7dd080\" data-element_type=\"column\" data-e-type=\"column\">\n\t\t\t<div class=\"elementor-widget-wrap elementor-element-populated\">\n\t\t\t\t\t\t<div class=\"elementor-element elementor-element-6c02d706 elementor-widget elementor-widget-text-editor\" data-id=\"6c02d706\" data-element_type=\"widget\" data-e-type=\"widget\" data-widget_type=\"text-editor.default\">\n\t\t\t\t<div class=\"elementor-widget-container\">\n\t\t\t\t\t\t\t\t\t<h1 style=\"text-align: center;\">Partenaires<\/h1>\t\t\t\t\t\t\t\t<\/div>\n\t\t\t\t<\/div>\n\t\t\t\t<div class=\"elementor-element elementor-element-45a5775b elementor-widget elementor-widget-image\" data-id=\"45a5775b\" data-element_type=\"widget\" data-e-type=\"widget\" data-widget_type=\"image.default\">\n\t\t\t\t<div class=\"elementor-widget-container\">\n\t\t\t\t\t\t\t\t\t\t\t\t\t\t\t<img decoding=\"async\" width=\"70\" height=\"2\" data-src=\"https:\/\/lemasdemougins.com\/wp-content\/uploads\/2020\/08\/border.png\" class=\"attachment-full size-full wp-image-19 lazyload\" alt=\"m\" src=\"data:image\/svg+xml;base64,PHN2ZyB3aWR0aD0iMSIgaGVpZ2h0PSIxIiB4bWxucz0iaHR0cDovL3d3dy53My5vcmcvMjAwMC9zdmciPjwvc3ZnPg==\" style=\"--smush-placeholder-width: 70px; --smush-placeholder-aspect-ratio: 70\/2;\" \/>\t\t\t\t\t\t\t\t\t\t\t\t\t\t\t<\/div>\n\t\t\t\t<\/div>\n\t\t\t\t<section class=\"elementor-section elementor-inner-section elementor-element elementor-element-2ea86b6 elementor-section-full_width elementor-section-height-default elementor-section-height-default parallax_section_no qode_elementor_container_no\" data-id=\"2ea86b6\" data-element_type=\"section\" data-e-type=\"section\">\n\t\t\t\t\t\t<div class=\"elementor-container elementor-column-gap-no\">\n\t\t\t\t\t<div class=\"elementor-column elementor-col-50 elementor-inner-column elementor-element elementor-element-285cf65\" data-id=\"285cf65\" data-element_type=\"column\" data-e-type=\"column\">\n\t\t\t<div class=\"elementor-widget-wrap elementor-element-populated\">\n\t\t\t\t\t\t<div class=\"elementor-element elementor-element-1308775 elementor-widget elementor-widget-html\" data-id=\"1308775\" data-element_type=\"widget\" data-e-type=\"widget\" data-widget_type=\"html.default\">\n\t\t\t\t<div class=\"elementor-widget-container\">\n\t\t\t\t\t<a href=\"https:\/\/www.charme-traditions.com\/fr\/chambres-d-hotes\/141330\/mougins\/1\" target=\"_blank\"><img decoding=\"async\" data-src=\"https:\/\/www.charme-traditions.com\/images\/membre_du_reseau.gif\" alt=\"chambres hotes haute loire\" src=\"data:image\/svg+xml;base64,PHN2ZyB3aWR0aD0iMSIgaGVpZ2h0PSIxIiB4bWxucz0iaHR0cDovL3d3dy53My5vcmcvMjAwMC9zdmciPjwvc3ZnPg==\" class=\"lazyload\" \/><\/a><br\/>\n\nNotre site \"Chambres d'H\u00f4tes de Charme le Mas de Mougins\" est list\u00e9 dans la cat\u00e9gorie :<br\/>\n<a href=\"http:\/\/www.webrankinfo.com\/annuaire\/site-72649.htm\" target=\"_blank\">Cannes &gt;Chambres d'H\u00f4tes Cannes<\/a><br\/>\n\n<a href=\"http:\/\/www.france-voyage.com\/chambres-hotes\/chambre-mougins-77196.htm\" target=\"_blank\"><img decoding=\"async\" data-src=\"http:\/\/www.france-voyage.com\/visuals\/pro\/label.gif\" alt=\"Chambre d'h\u00f4tes dans les Alpes-Maritimes\" src=\"data:image\/svg+xml;base64,PHN2ZyB3aWR0aD0iMSIgaGVpZ2h0PSIxIiB4bWxucz0iaHR0cDovL3d3dy53My5vcmcvMjAwMC9zdmciPjwvc3ZnPg==\" class=\"lazyload\" \/><\/a><br\/>\n\n<a title=\"Chambres d\u2019h\u00f4tes et G\u00eetes Fleurs de Soleil\" href=\"https:\/\/www.fleursdesoleil.fr\/\"><img decoding=\"async\" data-src=\"https:\/\/www.fleursdesoleil.fr\/admin\/upload\/203\/mini\/20598_1517864307.png?c=3\" alt=\"Chambre d h\u00f4te class\u00e9e 3 fleurs\" src=\"data:image\/svg+xml;base64,PHN2ZyB3aWR0aD0iMSIgaGVpZ2h0PSIxIiB4bWxucz0iaHR0cDovL3d3dy53My5vcmcvMjAwMC9zdmciPjwvc3ZnPg==\" class=\"lazyload\" \/><\/a><br\/>\n\n<a title=\"Chambres d'H\u00f4tes de Charme - Une \u00c2me, une Atmosph\u00e8re, un Art de Vivre\" href=\"https:\/\/www.chambresdhotesdecharme.com\/\"><img decoding=\"async\" data-src=\"https:\/\/www.chambresdhotesdecharme.com\/images\/site\/banners\/half-banner-234x60-fr.jpg\" alt=\"Chambres d'H\u00f4tes de Charme - Une \u00c2me, une Atmosph\u00e8re, un Art de Vivre\" width=\"234\" height=\"60\" src=\"data:image\/svg+xml;base64,PHN2ZyB3aWR0aD0iMSIgaGVpZ2h0PSIxIiB4bWxucz0iaHR0cDovL3d3dy53My5vcmcvMjAwMC9zdmciPjwvc3ZnPg==\" class=\"lazyload\" style=\"--smush-placeholder-width: 234px; --smush-placeholder-aspect-ratio: 234\/60;\" \/><\/a><br\/>\n<a href=\"http:\/\/www.waaaouh.pro\/annuaire\/item\/chambres-d-hotes-aux-environs-de-cannes-s19107.html\" target=\"_blank\">Waaaouh : Chambres d'H\u00f4tes de Charme - Le Mas de Mougins<\/a><br\/>\n\n<a href=\"http:\/\/www.invite1chef.com\">Chef \u00e0 domicile C\u00f4te d'Azur, Nice, Cannes<\/a><br\/>\n\n<a href=\"http:\/\/www.annuaire-weekend.com\/chambres-d-hotes-de-cote-azur-pres-de-cannes-le-mas-de-mougins-s1930.html\" target=\"_blank\"> Id\u00e9es de Week-end en Amoureux ou en Famille - Chambre d'H\u00f4tes de Charme - Le Mas de Mougins <\/a><br\/>\n\n<a href=\"http:\/\/www.gites-en-france.net\/chambres-d-hotes\/provence-alpes-cote-d-azur\/alpes-maritimes\/chambres-d-hotes-pres-de-cannes-le-mas-de-mougins-s512.html\" target=\"_blank\">Annuaire de Gites et Chambres d'H\u00f4tes en France<\/a><br\/>\n\n<a href=\"http:\/\/www.villa-in-provence.net\/charming-bed-and-breakfast-c3-p1.html\" target=\"_blank\">Charming Bed and Breakfast<\/a><br\/>\n\n<a title=\"Chambres d'H\u00f4tes dans les Alpes-Maritimes (06)\" href=\"http:\/\/www.villa-in-provence.fr\/hebergement\/chambres-d-hotes-sur-la-cote-azur-pres-de-cannes-le-mas-de-mougins-s31.html\" target=\"_blank&gt;Annuaire de Tourisme en France&lt;\/a&gt;&lt;\/p&gt; &lt;p&gt;&lt;a href=\">Chambres d'H\u00f4tes dans les Alpes-Maritimes (06)<\/a><br\/>\n\n<a href=\"http:\/\/www.masdeclairefontaine.fr\/annuaire\/mas-de-charme-pres-de-cannes-alpes-maritimes-s3.html\" target=\"_blank\">Annuaire touristique<\/a><br\/>\n\n<a title=\"Chambres d'H\u00f4tes Cannes\" href=\"http:\/\/annuairechambresdhotes.com\/cannes\" target=\"_blank\">Chambres d'H\u00f4tes Cannes<\/a><br\/>\n\n<a href=\"http:\/\/www.chambresdhotes.org\/Detailed\/18554.html\" target=\"_blank\">chambresdhotes.org - Alpes Maritimes Chambres D'H\u00f4tes<\/a><br\/>\n\n<a href=\"http:\/\/www.location-cote-azur.fr\/mougins\/chambre-d-hote-mas-de-mougins-chambres-d-hotes-de-charme--6879916.html\" target=\"_blank\">Le guide de vos locations de vacances en C\u00f4te d'Azur<\/a><br\/>\n\n<a title=\"O\u00f9 dormir ce soir ?\" href=\"http:\/\/Kookooning.com\" target=\"_blank\">Kookooning<\/a><br\/>\n\n<a title=\"Parfumeur en Provence\" href=\"https:\/\/geodora-parfums.com\/\" target=\"_blank\">GEODORA<\/a><br\/>\n\n<a href=\"http:\/\/www.miniweek.fr\/accueil.html\" target=\"_blank\"><img decoding=\"async\" title=\"MINIWEEK : Location de voitures &amp; motos branch\u00e9s\" data-src=\"http:\/\/www.lemasdemougins.com\/wp-content\/uploads\/2016\/03\/miniweek.jpg\" alt=\"\" width=\"150\" height=\"53\" border=\"0\" data-pin-nopin=\"true\" src=\"data:image\/svg+xml;base64,PHN2ZyB3aWR0aD0iMSIgaGVpZ2h0PSIxIiB4bWxucz0iaHR0cDovL3d3dy53My5vcmcvMjAwMC9zdmciPjwvc3ZnPg==\" class=\"lazyload\" style=\"--smush-placeholder-width: 150px; --smush-placeholder-aspect-ratio: 150\/53;\" \/><\/a><br\/>\n\nLocation d'une voiture chic au d\u00e9part de Nice\n\n(adresse de votre chambre d\u2019h\u00f4tes, Le Mas de Mougins, enregistr\u00e9 dans le GPS, plus d\u2019attente interminable)\n\n\t\t\t\t<\/div>\n\t\t\t\t<\/div>\n\t\t\t\t\t<\/div>\n\t\t<\/div>\n\t\t\t\t<div class=\"elementor-column elementor-col-50 elementor-inner-column elementor-element elementor-element-1787b38\" data-id=\"1787b38\" data-element_type=\"column\" data-e-type=\"column\">\n\t\t\t<div class=\"elementor-widget-wrap elementor-element-populated\">\n\t\t\t\t\t\t<div class=\"elementor-element elementor-element-98b1f69 elementor-widget elementor-widget-html\" data-id=\"98b1f69\" data-element_type=\"widget\" data-e-type=\"widget\" data-widget_type=\"html.default\">\n\t\t\t\t<div class=\"elementor-widget-container\">\n\t\t\t\t\t<h3><a href=\"https:\/\/rivieraguests.com\/\">Le Mas de Mougins est membre du groupe\u00a0Riviera Guests<\/a><\/h3>\nAssociation regroupant des chambres d\u2019h\u00f4tes de charme sur la C\u00f4te d\u2019Azur. L\u2019association met en \u0153uvre son r\u00e9seau pour vous aider \u00e0 trouver des disponibilit\u00e9s.\n<div class=\"C2A\"><a href=\"https:\/\/www.villadurocfleuri.fr\/\">La villa du Roc Fleuri<\/a><\/div>\n<div class=\"C2A\"><a href=\"https:\/\/www.orionbb.com\/\">Orion - cabanes perch\u00e9es<\/a><\/div>\n<div class=\"C2A\"><a href=\"https:\/\/www.portdattache.com\/\">La Villa du Port d'Attache<\/a><\/div>\n<div class=\"C2A\"><a href=\"https:\/\/lebosquet06.com\/\">La Bastide du Bosquet<\/a><\/div>\n<div class=\"C2A\"><\/div>\n&nbsp;\n<div class=\"flottante\">\n<div id=\"TA_certificateOfExcellence387\" class=\"TA_certificateOfExcellence\">\n<div id=\"CDSWIDCOE\" class=\"widCOE\">\n<div class=\"widCOETitle\"><\/div>\n<div class=\"widCOETitle\">Certificat d'Excellence<\/div>\n<div class=\"widCOEDate\"><span class=\"widCOEDateText\">Laur\u00e9at 2013<\/span><\/div>\n<div class=\"widCOELogo\"><a href=\"https:\/\/www.tripadvisor.fr\" target=\"_blank\"><img decoding=\"async\" id=\"CDSWIDCOELOGO\" class=\"widCOEImg lazyload\" data-src=\"https:\/\/www.tripadvisor.fr\/img\/cdsi\/img2\/awards\/CoE2014_WidgetAsset-14348-2.png\" alt=\"TripAdvisor\" src=\"data:image\/svg+xml;base64,PHN2ZyB3aWR0aD0iMSIgaGVpZ2h0PSIxIiB4bWxucz0iaHR0cDovL3d3dy53My5vcmcvMjAwMC9zdmciPjwvc3ZnPg==\" \/><\/a><\/div>\n<div class=\"widCOELink\"><a href=\"https:\/\/www.tripadvisor.fr\/Hotel_Review-g187232-d1426224-Reviews-Le_Mas_de_Mougins-Mougins_French_Riviera_Cote_d_Azur_Provence.html\" target=\"_blank\">Le Mas de Mougins<\/a><\/div>\n<\/div>\n<\/div>\n<\/div>\n<div class=\"droit\">\n<div class=\"flottante\">\n<div id=\"TA_certificateOfExcellence387\" class=\"TA_certificateOfExcellence\">\n\n<!--\/ #CDSWIDCOE-->\n\n<\/div>\n<script src=\"http:\/\/www.jscache.com\/wejs?wtype=certificateOfExcellence&amp;uniq=387&amp;locationId=1426224&amp;lang=fr&amp;year=2013\"><\/script><script src=\"http:\/\/www.tripadvisor.fr\/WidgetEmbed-certificateOfExcellence?lang=fr&amp;year=2013&amp;locationId=1426224&amp;uniq=387\"><\/script>\n\n<\/div>\n<\/div>\t\t\t\t<\/div>\n\t\t\t\t<\/div>\n\t\t\t\t\t<\/div>\n\t\t<\/div>\n\t\t\t\t\t<\/div>\n\t\t<\/section>\n\t\t\t\t\t<\/div>\n\t\t<\/div>\n\t\t\t\t\t<\/div>\n\t\t<\/section>\n\t\t\t\t<\/div>","protected":false},"excerpt":{"rendered":"<p>Partenaires Notre site \u00ab\u00a0Chambres d&rsquo;H\u00f4tes de Charme le Mas de Mougins\u00a0\u00bb est list\u00e9 dans la cat\u00e9gorie : Cannes &gt;Chambres d&rsquo;H\u00f4tes Cannes Waaaouh : Chambres d&rsquo;H\u00f4tes de Charme &#8211; Le Mas de Mougins Chef \u00e0 domicile C\u00f4te d&rsquo;Azur, Nice, Cannes Id\u00e9es de Week-end en Amoureux ou&#8230;<\/p>","protected":false},"author":1,"featured_media":0,"parent":0,"menu_order":0,"comment_status":"closed","ping_status":"closed","template":"full_width.php","meta":{"footnotes":""},"class_list":["post-361","page","type-page","status-publish","hentry"],"_links":{"self":[{"href":"https:\/\/lemasdemougins.com\/en\/wp-json\/wp\/v2\/pages\/361","targetHints":{"allow":["GET"]}}],"collection":[{"href":"https:\/\/lemasdemougins.com\/en\/wp-json\/wp\/v2\/pages"}],"about":[{"href":"https:\/\/lemasdemougins.com\/en\/wp-json\/wp\/v2\/types\/page"}],"author":[{"embeddable":true,"href":"https:\/\/lemasdemougins.com\/en\/wp-json\/wp\/v2\/users\/1"}],"replies":[{"embeddable":true,"href":"https:\/\/lemasdemougins.com\/en\/wp-json\/wp\/v2\/comments?post=361"}],"version-history":[{"count":0,"href":"https:\/\/lemasdemougins.com\/en\/wp-json\/wp\/v2\/pages\/361\/revisions"}],"wp:attachment":[{"href":"https:\/\/lemasdemougins.com\/en\/wp-json\/wp\/v2\/media?parent=361"}],"curies":[{"name":"wp","href":"https:\/\/api.w.org\/{rel}","templated":true}]}}