{"id":562,"date":"2023-12-01T14:26:41","date_gmt":"2023-12-01T14:26:41","guid":{"rendered":"https:\/\/lemasdemougins.com\/?page_id=562"},"modified":"2025-09-09T07:44:37","modified_gmt":"2025-09-09T07:44:37","slug":"cgv","status":"publish","type":"page","link":"https:\/\/lemasdemougins.com\/en\/cgv\/","title":{"rendered":"CGV"},"content":{"rendered":"<div data-elementor-type=\"wp-page\" data-elementor-id=\"562\" class=\"elementor elementor-562\" data-elementor-post-type=\"page\">\n\t\t\t\t\t\t<section class=\"elementor-section elementor-top-section elementor-element elementor-element-871e797 elementor-section-full_width qode_elementor_container_inner elementor-section-height-default elementor-section-height-default parallax_section_no\" data-id=\"871e797\" data-element_type=\"section\" data-e-type=\"section\">\n\t\t\t\t\t\t<div class=\"elementor-container elementor-column-gap-no\">\n\t\t\t\t\t<div class=\"elementor-column elementor-col-100 elementor-top-column elementor-element elementor-element-122f97d\" data-id=\"122f97d\" data-element_type=\"column\" data-e-type=\"column\">\n\t\t\t<div class=\"elementor-widget-wrap elementor-element-populated\">\n\t\t\t\t\t\t<div class=\"elementor-element elementor-element-3071374 elementor-widget elementor-widget-text-editor\" data-id=\"3071374\" data-element_type=\"widget\" data-e-type=\"widget\" data-widget_type=\"text-editor.default\">\n\t\t\t\t<div class=\"elementor-widget-container\">\n\t\t\t\t\t\t\t\t\t<h1 style=\"text-align: center;\">General conditions of sales<\/h1>\t\t\t\t\t\t\t\t<\/div>\n\t\t\t\t<\/div>\n\t\t\t\t<div class=\"elementor-element elementor-element-05fb0c4 elementor-widget elementor-widget-image\" data-id=\"05fb0c4\" data-element_type=\"widget\" data-e-type=\"widget\" data-widget_type=\"image.default\">\n\t\t\t\t<div class=\"elementor-widget-container\">\n\t\t\t\t\t\t\t\t\t\t\t\t\t\t\t<img decoding=\"async\" width=\"70\" height=\"2\" data-src=\"https:\/\/lemasdemougins.com\/wp-content\/uploads\/2020\/08\/border.png\" class=\"attachment-full size-full wp-image-19 lazyload\" alt=\"m\" src=\"data:image\/svg+xml;base64,PHN2ZyB3aWR0aD0iMSIgaGVpZ2h0PSIxIiB4bWxucz0iaHR0cDovL3d3dy53My5vcmcvMjAwMC9zdmciPjwvc3ZnPg==\" style=\"--smush-placeholder-width: 70px; --smush-placeholder-aspect-ratio: 70\/2;\" \/>\t\t\t\t\t\t\t\t\t\t\t\t\t\t\t<\/div>\n\t\t\t\t<\/div>\n\t\t\t\t<div class=\"elementor-element elementor-element-e4fd4e9 elementor-widget elementor-widget-text-editor\" data-id=\"e4fd4e9\" data-element_type=\"widget\" data-e-type=\"widget\" data-widget_type=\"text-editor.default\">\n\t\t\t\t<div class=\"elementor-widget-container\">\n\t\t\t\t\t\t\t\t\t<p class=\"translation-block\"><strong>Art. 1 \u2013<\/strong> We are committed to welcoming you on the scheduled day of your arrival and do everything to make your stay more enjoyable. The customer is invited to inform us, at the latest the day before, of his arrival time\u2019 at Mas de Mougins.<\/p>\n<p class=\"translation-block\"><strong>Art. 2 \u2013 <\/strong>Conclusion of contract \u2013 The reservation becomes effective as soon as the customer has sent the owner a deposit. The payment of this deposit leads to the acceptance of the general conditions, in particular the\u2019 article 4.<\/p>\n<p class=\"translation-block\"><strong>Art. 3 \u2013<\/strong> Payment of the balance : The balance is to be paid on arrival at the owner. Payment can be\u2019 by credit card, cash, check.<\/p>\n<p><strong>Art. 4 \u2013&nbsp;Annulation par le client :<\/strong><br>a) Case of\u2019cancellation<br>The customer can cancel his reservation free of charge until 30 days before the\u2019 arrival. The customer must pay the amount of the first night s\u2019il cancels within 30 days before the\u2019 arrival<br>We advise you an insurance of expenses of\u2019annulation at your agent of\u2019assurances<br>b) If on the day of arrival, the owner does NOT\u2019a of\u2019information on the approximate schedule of the customer and without possibility to reach it, the present contract becomes null and the owner can dispose of his rooms of\u2019 hosts. L\u2019account remains acquired to the owner who reserves the right to claim the balance of the price of the\u2019accommodation.<br>c) En cas de s\u00e9jour \u00e9court\u00e9, le prix correspondant au co\u00fbt&nbsp;du s\u00e9jour reste int\u00e9gralement acquis au propri\u00e9taire.<\/p>\n<p><strong>Art. 5 \u2013 Cancellation by owner :<\/strong><br>Lorsqu\u2019 avant le d\u00e9but du s\u00e9jour, le propri\u00e9taire annule ce s\u00e9jour, il doit informer le client par email avec retour de bonne r\u00e9ception de la part du client. Le client&nbsp;sera rembours\u00e9 imm\u00e9diatement des sommes vers\u00e9es.<\/p>\n<p><strong>Art. 6 \u2013 Arrival :<\/strong>&nbsp;The customer must show up on the specified day and at the times agreed with the owner. In case of late or delayed arrival, the customer must notify the owner, at the latest the day before his arrival.<\/p>\n<p><strong>Art. 7 \u2013 Use of places :<\/strong>&nbsp;The customer must respect the peaceful nature of the place and make use of it in accordance with their destination.&nbsp;<strong>He\u2019commits to make the rooms in good condition.<\/strong><br>In case of\u2019 damage, the client undertakes to reimburse the costs incurred. Parents must take care of their children and not let them go alone in the pool.<\/p>\n<p><strong>Art. 8 \u2013 Capacity :<\/strong>&nbsp;This contract is established for a specific number of persons. If the number of customers exceeds this number, the owner is able to refuse additional customers, so that\u2019in case of departure of the customer, the, no refund will be possible and the entire balance will be due.<\/p>\n<p><b>Art. 9 \u2013 RGPD : <\/b>Vos demandes sont susceptibles d\u2019\u00eatre transf\u00e9r\u00e9es \u00e0&nbsp;Riviera Guest si nous n\u2019avons pas de disponibilit\u00e9s. Merci de nous informer si vous ne souhaitez pas de transfert de mail.<\/p>\n<p><strong>Art.&nbsp;10 \u2013&nbsp;Politique de confidentialit\u00e9<\/strong><\/p>\n<p>Le Mas de Mougins is COMMITTED to protecting your privacy and protecting your personal information.<\/p>\n<p>We only collect information about you that we consider necessary. Personally identifiable information is obtained only at the time of booking.<br>We may also occasionally use third party platforms to better target our online advertising. The main platforms used are Facebook, Instagram and Google.<\/p>\n<p>We may also collect email addresses for the purpose of communicating with past, present and future customers. These email addresses are protected and will not be shared with other parties for any reason.<\/p>\t\t\t\t\t\t\t\t<\/div>\n\t\t\t\t<\/div>\n\t\t\t\t\t<\/div>\n\t\t<\/div>\n\t\t\t\t\t<\/div>\n\t\t<\/section>\n\t\t\t\t<\/div>","protected":false},"excerpt":{"rendered":"<p>Condition g\u00e9n\u00e9rales de vente Art. 1 \u2013&nbsp;Nous nous engageons \u00e0 vous accueillir le jour pr\u00e9vu de votre arriv\u00e9e et de tout faire pour rendre votre s\u00e9jour des plus agr\u00e9able. Le client est invit\u00e9 \u00e0 nous informer, au plus tard la veille, de son heure d\u2019arriv\u00e9e&#8230;<\/p>","protected":false},"author":1,"featured_media":0,"parent":0,"menu_order":0,"comment_status":"closed","ping_status":"closed","template":"full_width.php","meta":{"footnotes":""},"class_list":["post-562","page","type-page","status-publish","hentry"],"_links":{"self":[{"href":"https:\/\/lemasdemougins.com\/en\/wp-json\/wp\/v2\/pages\/562","targetHints":{"allow":["GET"]}}],"collection":[{"href":"https:\/\/lemasdemougins.com\/en\/wp-json\/wp\/v2\/pages"}],"about":[{"href":"https:\/\/lemasdemougins.com\/en\/wp-json\/wp\/v2\/types\/page"}],"author":[{"embeddable":true,"href":"https:\/\/lemasdemougins.com\/en\/wp-json\/wp\/v2\/users\/1"}],"replies":[{"embeddable":true,"href":"https:\/\/lemasdemougins.com\/en\/wp-json\/wp\/v2\/comments?post=562"}],"version-history":[{"count":0,"href":"https:\/\/lemasdemougins.com\/en\/wp-json\/wp\/v2\/pages\/562\/revisions"}],"wp:attachment":[{"href":"https:\/\/lemasdemougins.com\/en\/wp-json\/wp\/v2\/media?parent=562"}],"curies":[{"name":"wp","href":"https:\/\/api.w.org\/{rel}","templated":true}]}}